{"id":2835,"date":"2018-12-09T14:32:29","date_gmt":"2018-12-09T12:32:29","guid":{"rendered":"http:\/\/www.indefor.com\/processus-et-finitions\/"},"modified":"2021-02-09T11:00:55","modified_gmt":"2021-02-09T09:00:55","slug":"processus-et-finitions","status":"publish","type":"page","link":"https:\/\/www.indefor.com\/fr\/processus-et-finitions\/","title":{"rendered":"Processus et finitions"},"content":{"rendered":"<div class=\"wpb-content-wrapper\"><p>[vc_row full_width=\u00a0\u00bbstretch_row\u00a0\u00bb css=\u00a0\u00bb.vc_custom_1544357257846{background-image: url(http:\/\/www.indefor.com:8008\/wp-content\/uploads\/2018\/11\/Indefor-Industris-de-Fonitura-Nave.jpg?id=1962) !important;background-position: center !important;background-repeat: no-repeat !important;background-size: cover !important;}\u00a0\u00bb][vc_column][vc_column_text]<\/p>\n<h1><\/h1>\n<h1 style=\"text-align: center;\"><span style=\"color: #ffffff;\">PROCESSUS<\/span><\/h1>\n<p>[\/vc_column_text][\/vc_column][\/vc_row][vc_row][vc_column][vc_empty_space height=\u00a0\u00bb20px\u00a0\u00bb][\/vc_column][\/vc_row][vc_row][vc_column width=\u00a0\u00bb1\/5&Prime;][vc_column_text]<\/p>\n<div style=\"width: 1140px;\" class=\"wp-video\"><!--[if lt IE 9]><script>document.createElement('video');<\/script><![endif]-->\n<video class=\"wp-video-shortcode\" id=\"video-2835-1\" width=\"1140\" height=\"641\" preload=\"metadata\" controls=\"controls\"><source type=\"video\/mp4\" src=\"http:\/\/www.indefor.com:8008\/wp-content\/uploads\/2018\/12\/Fabricaci\u00f3n-Indefor.mp4?_=1\" \/><a href=\"http:\/\/www.indefor.com:8008\/wp-content\/uploads\/2018\/12\/Fabricaci\u00f3n-Indefor.mp4\">http:\/\/www.indefor.com:8008\/wp-content\/uploads\/2018\/12\/Fabricaci\u00f3n-Indefor.mp4<\/a><\/video><\/div>\n<p>[\/vc_column_text][\/vc_column][vc_column width=\u00a0\u00bb1\/5&Prime;][vc_column_text]<\/p>\n<div style=\"width: 1140px;\" class=\"wp-video\"><video class=\"wp-video-shortcode\" id=\"video-2835-2\" width=\"1140\" height=\"641\" preload=\"metadata\" controls=\"controls\"><source type=\"video\/mp4\" src=\"http:\/\/www.indefor.com:8008\/wp-content\/uploads\/2018\/12\/Soldadura-Indefor.mp4?_=2\" \/><a href=\"http:\/\/www.indefor.com:8008\/wp-content\/uploads\/2018\/12\/Soldadura-Indefor.mp4\">http:\/\/www.indefor.com:8008\/wp-content\/uploads\/2018\/12\/Soldadura-Indefor.mp4<\/a><\/video><\/div>\n<p>[\/vc_column_text][\/vc_column][vc_column width=\u00a0\u00bb1\/5&Prime;][vc_column_text]<\/p>\n<div style=\"width: 1140px;\" class=\"wp-video\"><video class=\"wp-video-shortcode\" id=\"video-2835-3\" width=\"1140\" height=\"641\" preload=\"metadata\" controls=\"controls\"><source type=\"video\/mp4\" src=\"http:\/\/www.indefor.com:8008\/wp-content\/uploads\/2018\/12\/Montaje-Indefor.mp4?_=3\" \/><a href=\"http:\/\/www.indefor.com:8008\/wp-content\/uploads\/2018\/12\/Montaje-Indefor.mp4\">http:\/\/www.indefor.com:8008\/wp-content\/uploads\/2018\/12\/Montaje-Indefor.mp4<\/a><\/video><\/div>\n<p>[\/vc_column_text][\/vc_column][vc_column width=\u00a0\u00bb1\/5&Prime;][vc_column_text]<\/p>\n<div style=\"width: 1140px;\" class=\"wp-video\"><video class=\"wp-video-shortcode\" id=\"video-2835-4\" width=\"1140\" height=\"641\" preload=\"metadata\" controls=\"controls\"><source type=\"video\/mp4\" src=\"http:\/\/www.indefor.com:8008\/wp-content\/uploads\/2018\/12\/Pulido-Indefor.mp4?_=4\" \/><a href=\"http:\/\/www.indefor.com:8008\/wp-content\/uploads\/2018\/12\/Pulido-Indefor.mp4\">http:\/\/www.indefor.com:8008\/wp-content\/uploads\/2018\/12\/Pulido-Indefor.mp4<\/a><\/video><\/div>\n<p>[\/vc_column_text][\/vc_column][vc_column width=\u00a0\u00bb1\/5&Prime;][vc_column_text]<\/p>\n<div style=\"width: 1140px;\" class=\"wp-video\"><video class=\"wp-video-shortcode\" id=\"video-2835-5\" width=\"1140\" height=\"641\" preload=\"metadata\" controls=\"controls\"><source type=\"video\/mp4\" src=\"http:\/\/www.indefor.com:8008\/wp-content\/uploads\/2018\/12\/Zamak-Indefor.mp4?_=5\" \/><a href=\"http:\/\/www.indefor.com:8008\/wp-content\/uploads\/2018\/12\/Zamak-Indefor.mp4\">http:\/\/www.indefor.com:8008\/wp-content\/uploads\/2018\/12\/Zamak-Indefor.mp4<\/a><\/video><\/div>\n<p>[\/vc_column_text][\/vc_column][\/vc_row][vc_row][vc_column][vc_column_text]Chacun de nos d\u00e9partements (commercial, production, fonderie, manutention, soudage, polissage, entreposage et distribution) s&rsquo;efforce de fournir \u00e0 tout moment la meilleure solution \u00e0 nos clients. <span class=\"Bold\">Indefor<\/span> et son capital humain garantissent \u00e0 tout moment la qualit\u00e9 des mat\u00e9riaux et des proc\u00e9d\u00e9s de fabrication pour obtenir les r\u00e9sultats optimaux qui nous garantissent face \u00e0 un march\u00e9 de plus en plus exigeant.<\/p>\n<p>La fabrication de mat\u00e9riel est r\u00e9alis\u00e9e avec la combinaison d&rsquo;une \u00e9quipe de personnes qualifi\u00e9es, de moyens de production modernes et d&rsquo;un engagement envers l&rsquo;environnement, nous permettant d&rsquo;obtenir la bonne qualit\u00e9 et la productivit\u00e9 pour \u00eatre comp\u00e9titifs sur le march\u00e9.<\/p>\n<p>Nous avons des clients de prestige national et international reconnu avec un grand volume de demande qui font confiance \u00e0 <span class=\"Bold\">Indefor<\/span> comme fournisseur r\u00e9gulier pour leurs collections.[\/vc_column_text][\/vc_column][\/vc_row][vc_row][vc_column][vc_gallery type=\u00a0\u00bbimage_grid\u00a0\u00bb images=\u00a0\u00bb2371,2372,2373,2374,2375,2376,2378,2379,2380,2381,2382,2383,2384,2385,2386,2387,2388,2389,2390,2391,2392&Prime; img_size=\u00a0\u00bb157&#215;110&Prime;][vc_empty_space height=\u00a0\u00bb20px\u00a0\u00bb][\/vc_column][\/vc_row][vc_row][vc_column][vc_empty_space height=\u00a0\u00bb20px\u00a0\u00bb][\/vc_column][\/vc_row][vc_row full_width=\u00a0\u00bbstretch_row\u00a0\u00bb section_text_color=\u00a0\u00bbdark\u00a0\u00bb css=\u00a0\u00bb.vc_custom_1544554853662{background-image: url(http:\/\/www.indefor.com:8008\/wp-content\/uploads\/2018\/11\/6.jpg?id=1949) !important;background-position: center !important;background-repeat: no-repeat !important;background-size: cover !important;}\u00a0\u00bb][vc_column][vc_column_text]<\/p>\n<h1><\/h1>\n<h1 style=\"text-align: center;\"><span style=\"color: #ffffff;\">FINITIONS<\/span><\/h1>\n<p>[\/vc_column_text][\/vc_column][\/vc_row][vc_row][vc_column][vc_empty_space height=\u00a0\u00bb20px\u00a0\u00bb][\/vc_column][\/vc_row][vc_row][vc_column width=\u00a0\u00bb1\/5&Prime;][vc_text_separator title=\u00a0\u00bbPLAQU\u00c9 NICKEL\u00a0\u00bb][vc_column_text]<\/p>\n<p style=\"text-align: center;\">Nickel<\/p>\n<p style=\"text-align: center;\">Nickel mat<\/p>\n<p style=\"text-align: center;\">Nickel satin\u00e9<\/p>\n<p style=\"text-align: center;\">Nickel noir<\/p>\n<p style=\"text-align: center;\">Sans nickel<\/p>\n<p>[\/vc_column_text][\/vc_column][vc_column width=\u00a0\u00bb1\/5&Prime;][vc_text_separator title=\u00a0\u00bbOXYDES \/ VIEILLI\u00a0\u00bb][vc_column_text]<\/p>\n<p style=\"text-align: center;\">Oxyde de nickel<\/p>\n<p style=\"text-align: center;\">Oxyde de laiton<\/p>\n<p style=\"text-align: center;\">Oxyde de cuivre<\/p>\n<p style=\"text-align: center;\">Vieil argent<\/p>\n<p>[\/vc_column_text][\/vc_column][vc_column width=\u00a0\u00bb1\/5&Prime;][vc_text_separator title=\u00a0\u00bbD&rsquo;OR\u00a0\u00bb][vc_column_text]<\/p>\n<p style=\"text-align: center;\">Laiton<\/p>\n<p style=\"text-align: center;\">Or fin<\/p>\n<p>[\/vc_column_text][\/vc_column][vc_column width=\u00a0\u00bb1\/5&Prime;][vc_text_separator title=\u00a0\u00bbEXT\u00c9RIEUR\u00a0\u00bb][vc_column_text]<\/p>\n<p style=\"text-align: center;\">Zingu\u00e9<\/p>\n<p style=\"text-align: center;\">Zingu\u00e9 noir<\/p>\n<p style=\"text-align: center;\">Bichromatis\u00e9<\/p>\n<p style=\"text-align: center;\">Bleut\u00e9<\/p>\n<p>[\/vc_column_text][\/vc_column][vc_column width=\u00a0\u00bb1\/5&Prime;][vc_text_separator title=\u00a0\u00bbLAQU\u00c9\u00a0\u00bb][vc_column_text]<\/p>\n<p style=\"text-align: center;\">Noir<\/p>\n<p style=\"text-align: center;\">Blanc<\/p>\n<p style=\"text-align: center;\">N&rsquo;importe quelle couleur (personnalisable)<\/p>\n<p>[\/vc_column_text][\/vc_column][\/vc_row]<\/p>\n<\/div>","protected":false},"excerpt":{"rendered":"<p>[vc_row full_width=\u00a0\u00bbstretch_row\u00a0\u00bb css=\u00a0\u00bb.vc_custom_1544357257846{background-image: url(http:\/\/www.indefor.com:8008\/wp-content\/uploads\/2018\/11\/Indefor-Industris-de-Fonitura-Nave.jpg?id=1962) !important;background-position: center !important;background-repeat: no-repeat !important;background-size: cover !important;}\u00a0\u00bb][vc_column][vc_column_text] PROCESSUS [\/vc_column_text][\/vc_column][\/vc_row][vc_row][vc_column][vc_empty_space height=\u00a0\u00bb20px\u00a0\u00bb][\/vc_column][\/vc_row][vc_row][vc_column width=\u00a0\u00bb1\/5&Prime;][vc_column_text] [\/vc_column_text][\/vc_column][vc_column width=\u00a0\u00bb1\/5&Prime;][vc_column_text] [\/vc_column_text][\/vc_column][vc_column width=\u00a0\u00bb1\/5&Prime;][vc_column_text] [\/vc_column_text][\/vc_column][vc_column width=\u00a0\u00bb1\/5&Prime;][vc_column_text] [\/vc_column_text][\/vc_column][vc_column width=\u00a0\u00bb1\/5&Prime;][vc_column_text] [\/vc_column_text][\/vc_column][\/vc_row][vc_row][vc_column][vc_column_text]Chacun de nos d\u00e9partements (commercial, production, fonderie, manutention, soudage, polissage, entreposage et distribution) s&rsquo;efforce de fournir \u00e0 tout moment la meilleure solution \u00e0 nos clients. Indefor et son capital humain garantissent \u00e0 [&hellip;]<\/p>\n","protected":false},"author":1,"featured_media":0,"parent":0,"menu_order":0,"comment_status":"closed","ping_status":"closed","template":"","meta":{"footnotes":""},"yoast_head":"<!-- This site is optimized with the Yoast SEO plugin v22.3 - https:\/\/yoast.com\/wordpress\/plugins\/seo\/ -->\n<title>Processus et finitions - INDEFOR<\/title>\n<meta name=\"robots\" content=\"index, follow, max-snippet:-1, max-image-preview:large, max-video-preview:-1\" \/>\n<link rel=\"canonical\" href=\"https:\/\/www.indefor.com\/fr\/processus-et-finitions\/\" \/>\n<meta property=\"og:locale\" content=\"fr_FR\" \/>\n<meta property=\"og:type\" content=\"article\" \/>\n<meta property=\"og:title\" content=\"Processus et finitions - INDEFOR\" \/>\n<meta property=\"og:description\" content=\"[vc_row full_width=\u00a0\u00bbstretch_row\u00a0\u00bb css=\u00a0\u00bb.vc_custom_1544357257846{background-image: url(http:\/\/www.indefor.com:8008\/wp-content\/uploads\/2018\/11\/Indefor-Industris-de-Fonitura-Nave.jpg?id=1962) !important;background-position: center !important;background-repeat: no-repeat !important;background-size: cover !important;}\u00a0\u00bb][vc_column][vc_column_text] PROCESSUS [\/vc_column_text][\/vc_column][\/vc_row][vc_row][vc_column][vc_empty_space height=\u00a0\u00bb20px\u00a0\u00bb][\/vc_column][\/vc_row][vc_row][vc_column width=\u00a0\u00bb1\/5&Prime;][vc_column_text] [\/vc_column_text][\/vc_column][vc_column width=\u00a0\u00bb1\/5&Prime;][vc_column_text] [\/vc_column_text][\/vc_column][vc_column width=\u00a0\u00bb1\/5&Prime;][vc_column_text] [\/vc_column_text][\/vc_column][vc_column width=\u00a0\u00bb1\/5&Prime;][vc_column_text] [\/vc_column_text][\/vc_column][vc_column width=\u00a0\u00bb1\/5&Prime;][vc_column_text] [\/vc_column_text][\/vc_column][\/vc_row][vc_row][vc_column][vc_column_text]Chacun de nos d\u00e9partements (commercial, production, fonderie, manutention, soudage, polissage, entreposage et distribution) s&rsquo;efforce de fournir \u00e0 tout moment la meilleure solution \u00e0 nos clients. Indefor et son capital humain garantissent \u00e0 [&hellip;]\" \/>\n<meta property=\"og:url\" content=\"https:\/\/www.indefor.com\/fr\/processus-et-finitions\/\" \/>\n<meta property=\"og:site_name\" content=\"INDEFOR\" \/>\n<meta property=\"article:modified_time\" content=\"2021-02-09T09:00:55+00:00\" \/>\n<meta name=\"twitter:card\" content=\"summary_large_image\" \/>\n<meta name=\"twitter:label1\" content=\"Dur\u00e9e de lecture estim\u00e9e\" \/>\n\t<meta name=\"twitter:data1\" content=\"3 minutes\" \/>\n<script type=\"application\/ld+json\" class=\"yoast-schema-graph\">{\"@context\":\"https:\/\/schema.org\",\"@graph\":[{\"@type\":\"WebPage\",\"@id\":\"https:\/\/www.indefor.com\/fr\/processus-et-finitions\/\",\"url\":\"https:\/\/www.indefor.com\/fr\/processus-et-finitions\/\",\"name\":\"Processus et finitions - INDEFOR\",\"isPartOf\":{\"@id\":\"https:\/\/www.indefor.com\/fr\/#website\"},\"datePublished\":\"2018-12-09T12:32:29+00:00\",\"dateModified\":\"2021-02-09T09:00:55+00:00\",\"breadcrumb\":{\"@id\":\"https:\/\/www.indefor.com\/fr\/processus-et-finitions\/#breadcrumb\"},\"inLanguage\":\"fr-FR\",\"potentialAction\":[{\"@type\":\"ReadAction\",\"target\":[\"https:\/\/www.indefor.com\/fr\/processus-et-finitions\/\"]}]},{\"@type\":\"BreadcrumbList\",\"@id\":\"https:\/\/www.indefor.com\/fr\/processus-et-finitions\/#breadcrumb\",\"itemListElement\":[{\"@type\":\"ListItem\",\"position\":1,\"name\":\"Portada\",\"item\":\"https:\/\/www.indefor.com\/fr\/home\/?lang=fr\"},{\"@type\":\"ListItem\",\"position\":2,\"name\":\"Processus et finitions\"}]},{\"@type\":\"WebSite\",\"@id\":\"https:\/\/www.indefor.com\/fr\/#website\",\"url\":\"https:\/\/www.indefor.com\/fr\/\",\"name\":\"INDEFOR\",\"description\":\"Industrie Forniture\",\"publisher\":{\"@id\":\"https:\/\/www.indefor.com\/fr\/#organization\"},\"potentialAction\":[{\"@type\":\"SearchAction\",\"target\":{\"@type\":\"EntryPoint\",\"urlTemplate\":\"https:\/\/www.indefor.com\/fr\/?s={search_term_string}\"},\"query-input\":\"required name=search_term_string\"}],\"inLanguage\":\"fr-FR\"},{\"@type\":\"Organization\",\"@id\":\"https:\/\/www.indefor.com\/fr\/#organization\",\"name\":\"INDEFOR\",\"url\":\"https:\/\/www.indefor.com\/fr\/\",\"logo\":{\"@type\":\"ImageObject\",\"inLanguage\":\"fr-FR\",\"@id\":\"https:\/\/www.indefor.com\/fr\/#\/schema\/logo\/image\/\",\"url\":\"https:\/\/www.indefor.com\/wp-content\/uploads\/2018\/11\/logo_indefor_web.png\",\"contentUrl\":\"https:\/\/www.indefor.com\/wp-content\/uploads\/2018\/11\/logo_indefor_web.png\",\"width\":101,\"height\":41,\"caption\":\"INDEFOR\"},\"image\":{\"@id\":\"https:\/\/www.indefor.com\/fr\/#\/schema\/logo\/image\/\"}}]}<\/script>\n<!-- \/ Yoast SEO plugin. -->","yoast_head_json":{"title":"Processus et finitions - INDEFOR","robots":{"index":"index","follow":"follow","max-snippet":"max-snippet:-1","max-image-preview":"max-image-preview:large","max-video-preview":"max-video-preview:-1"},"canonical":"https:\/\/www.indefor.com\/fr\/processus-et-finitions\/","og_locale":"fr_FR","og_type":"article","og_title":"Processus et finitions - INDEFOR","og_description":"[vc_row full_width=\u00a0\u00bbstretch_row\u00a0\u00bb css=\u00a0\u00bb.vc_custom_1544357257846{background-image: url(http:\/\/www.indefor.com:8008\/wp-content\/uploads\/2018\/11\/Indefor-Industris-de-Fonitura-Nave.jpg?id=1962) !important;background-position: center !important;background-repeat: no-repeat !important;background-size: cover !important;}\u00a0\u00bb][vc_column][vc_column_text] PROCESSUS [\/vc_column_text][\/vc_column][\/vc_row][vc_row][vc_column][vc_empty_space height=\u00a0\u00bb20px\u00a0\u00bb][\/vc_column][\/vc_row][vc_row][vc_column width=\u00a0\u00bb1\/5&Prime;][vc_column_text] [\/vc_column_text][\/vc_column][vc_column width=\u00a0\u00bb1\/5&Prime;][vc_column_text] [\/vc_column_text][\/vc_column][vc_column width=\u00a0\u00bb1\/5&Prime;][vc_column_text] [\/vc_column_text][\/vc_column][vc_column width=\u00a0\u00bb1\/5&Prime;][vc_column_text] [\/vc_column_text][\/vc_column][vc_column width=\u00a0\u00bb1\/5&Prime;][vc_column_text] [\/vc_column_text][\/vc_column][\/vc_row][vc_row][vc_column][vc_column_text]Chacun de nos d\u00e9partements (commercial, production, fonderie, manutention, soudage, polissage, entreposage et distribution) s&rsquo;efforce de fournir \u00e0 tout moment la meilleure solution \u00e0 nos clients. Indefor et son capital humain garantissent \u00e0 [&hellip;]","og_url":"https:\/\/www.indefor.com\/fr\/processus-et-finitions\/","og_site_name":"INDEFOR","article_modified_time":"2021-02-09T09:00:55+00:00","twitter_card":"summary_large_image","twitter_misc":{"Dur\u00e9e de lecture estim\u00e9e":"3 minutes"},"schema":{"@context":"https:\/\/schema.org","@graph":[{"@type":"WebPage","@id":"https:\/\/www.indefor.com\/fr\/processus-et-finitions\/","url":"https:\/\/www.indefor.com\/fr\/processus-et-finitions\/","name":"Processus et finitions - INDEFOR","isPartOf":{"@id":"https:\/\/www.indefor.com\/fr\/#website"},"datePublished":"2018-12-09T12:32:29+00:00","dateModified":"2021-02-09T09:00:55+00:00","breadcrumb":{"@id":"https:\/\/www.indefor.com\/fr\/processus-et-finitions\/#breadcrumb"},"inLanguage":"fr-FR","potentialAction":[{"@type":"ReadAction","target":["https:\/\/www.indefor.com\/fr\/processus-et-finitions\/"]}]},{"@type":"BreadcrumbList","@id":"https:\/\/www.indefor.com\/fr\/processus-et-finitions\/#breadcrumb","itemListElement":[{"@type":"ListItem","position":1,"name":"Portada","item":"https:\/\/www.indefor.com\/fr\/home\/?lang=fr"},{"@type":"ListItem","position":2,"name":"Processus et finitions"}]},{"@type":"WebSite","@id":"https:\/\/www.indefor.com\/fr\/#website","url":"https:\/\/www.indefor.com\/fr\/","name":"INDEFOR","description":"Industrie Forniture","publisher":{"@id":"https:\/\/www.indefor.com\/fr\/#organization"},"potentialAction":[{"@type":"SearchAction","target":{"@type":"EntryPoint","urlTemplate":"https:\/\/www.indefor.com\/fr\/?s={search_term_string}"},"query-input":"required name=search_term_string"}],"inLanguage":"fr-FR"},{"@type":"Organization","@id":"https:\/\/www.indefor.com\/fr\/#organization","name":"INDEFOR","url":"https:\/\/www.indefor.com\/fr\/","logo":{"@type":"ImageObject","inLanguage":"fr-FR","@id":"https:\/\/www.indefor.com\/fr\/#\/schema\/logo\/image\/","url":"https:\/\/www.indefor.com\/wp-content\/uploads\/2018\/11\/logo_indefor_web.png","contentUrl":"https:\/\/www.indefor.com\/wp-content\/uploads\/2018\/11\/logo_indefor_web.png","width":101,"height":41,"caption":"INDEFOR"},"image":{"@id":"https:\/\/www.indefor.com\/fr\/#\/schema\/logo\/image\/"}}]}},"_links":{"self":[{"href":"https:\/\/www.indefor.com\/fr\/wp-json\/wp\/v2\/pages\/2835"}],"collection":[{"href":"https:\/\/www.indefor.com\/fr\/wp-json\/wp\/v2\/pages"}],"about":[{"href":"https:\/\/www.indefor.com\/fr\/wp-json\/wp\/v2\/types\/page"}],"author":[{"embeddable":true,"href":"https:\/\/www.indefor.com\/fr\/wp-json\/wp\/v2\/users\/1"}],"replies":[{"embeddable":true,"href":"https:\/\/www.indefor.com\/fr\/wp-json\/wp\/v2\/comments?post=2835"}],"version-history":[{"count":5,"href":"https:\/\/www.indefor.com\/fr\/wp-json\/wp\/v2\/pages\/2835\/revisions"}],"predecessor-version":[{"id":2840,"href":"https:\/\/www.indefor.com\/fr\/wp-json\/wp\/v2\/pages\/2835\/revisions\/2840"}],"wp:attachment":[{"href":"https:\/\/www.indefor.com\/fr\/wp-json\/wp\/v2\/media?parent=2835"}],"curies":[{"name":"wp","href":"https:\/\/api.w.org\/{rel}","templated":true}]}}