{"id":2849,"date":"2016-06-14T06:15:58","date_gmt":"2016-06-14T04:15:58","guid":{"rendered":"http:\/\/www.indefor.com\/contact\/"},"modified":"2021-02-10T10:21:29","modified_gmt":"2021-02-10T08:21:29","slug":"contact","status":"publish","type":"page","link":"https:\/\/www.indefor.com\/fr\/contact\/","title":{"rendered":"Contact"},"content":{"rendered":"<div class=\"wpb-content-wrapper\"><p>[vc_row full_width=\u00a0\u00bbstretch_row_content_no_spaces\u00a0\u00bb css=\u00a0\u00bb.vc_custom_1548282616493{background-image: url(http:\/\/www.indefor.com\/wp-content\/uploads\/2019\/01\/Mapa_Indefor.jpg?id=2621) !important;}\u00a0\u00bb][vc_column][vc_empty_space height=\u00a0\u00bb400px\u00a0\u00bb][\/vc_column][\/vc_row][vc_row][vc_column][vc_empty_space height=\u00a0\u00bb12px\u00a0\u00bb][\/vc_column][\/vc_row][vc_row wrap_container=\u00a0\u00bbyes\u00a0\u00bb el_class=\u00a0\u00bbm-b-xl\u00a0\u00bb][vc_column width=\u00a0\u00bb1\/2&Prime;]\n<div class=\"wpcf7 no-js\" id=\"wpcf7-f2915-o1\" lang=\"fr-FR\" dir=\"ltr\">\n<div class=\"screen-reader-response\"><p role=\"status\" aria-live=\"polite\" aria-atomic=\"true\"><\/p> <ul><\/ul><\/div>\n<form action=\"\/fr\/wp-json\/wp\/v2\/pages\/2849#wpcf7-f2915-o1\" method=\"post\" class=\"wpcf7-form init\" aria-label=\"Formulaire de contact\" novalidate=\"novalidate\" data-status=\"init\">\n<div style=\"display: none;\">\n<input type=\"hidden\" name=\"_wpcf7\" value=\"2915\" \/>\n<input type=\"hidden\" name=\"_wpcf7_version\" value=\"5.9.3\" \/>\n<input type=\"hidden\" name=\"_wpcf7_locale\" value=\"fr_FR\" \/>\n<input type=\"hidden\" name=\"_wpcf7_unit_tag\" value=\"wpcf7-f2915-o1\" \/>\n<input type=\"hidden\" name=\"_wpcf7_container_post\" value=\"0\" \/>\n<input type=\"hidden\" name=\"_wpcf7_posted_data_hash\" value=\"\" \/>\n<\/div>\n<h2 class=\"short\">Formulaire<strong> de Contact<\/strong>\n<\/h2>\n<div class=\"row\">\n\t<div class=\"col-lg-6\">\n\t\t<div class=\"form-group\">\n\t\t\t<p><label> Votre nom *<br \/>\n<span class=\"wpcf7-form-control-wrap\" data-name=\"your-name\"><input size=\"40\" class=\"wpcf7-form-control wpcf7-text wpcf7-validates-as-required\" aria-required=\"true\" aria-invalid=\"false\" value=\"\" type=\"text\" name=\"your-name\" \/><\/span> <\/label>\n\t\t\t<\/p>\n\t\t<\/div>\n\t<\/div>\n\t<div class=\"col-lg-6\">\n\t\t<div class=\"form-group\">\n\t\t\t<p><label> Son courriel *<br \/>\n<span class=\"wpcf7-form-control-wrap\" data-name=\"your-email\"><input size=\"40\" class=\"wpcf7-form-control wpcf7-email wpcf7-validates-as-required wpcf7-text wpcf7-validates-as-email\" aria-required=\"true\" aria-invalid=\"false\" value=\"\" type=\"email\" name=\"your-email\" \/><\/span> <\/label>\n\t\t\t<\/p>\n\t\t<\/div>\n\t<\/div>\n\t<div class=\"col-lg-12\">\n\t\t<div class=\"form-group\">\n\t\t\t<p><label> Affaire<br \/>\n<span class=\"wpcf7-form-control-wrap\" data-name=\"your-subject\"><input size=\"40\" class=\"wpcf7-form-control wpcf7-text\" aria-invalid=\"false\" value=\"\" type=\"text\" name=\"your-subject\" \/><\/span> <\/label>\n\t\t\t<\/p>\n\t\t<\/div>\n\t<\/div>\n\t<div class=\"col-lg-12\">\n\t\t<div class=\"form-group\">\n\t\t\t<p><label> Son message<br \/>\n<span class=\"wpcf7-form-control-wrap\" data-name=\"your-message\"><textarea cols=\"40\" rows=\"10\" class=\"wpcf7-form-control wpcf7-textarea\" aria-invalid=\"false\" name=\"your-message\"><\/textarea><\/span> <\/label>\n\t\t\t<\/p>\n\t\t<\/div>\n\t<\/div>\n\t<div class=\"col-lg-12\">\n\t\t<div class=\"form-group\">\n\t\t\t<p><input class=\"wpcf7-form-control wpcf7-submit has-spinner\" type=\"submit\" value=\"ENVOYER\" \/>\n\t\t\t<\/p>\n\t\t<\/div>\n\t<\/div>\n<\/div><input type='hidden' class='wpcf7-pum' value='{\"closepopup\":false,\"closedelay\":0,\"openpopup\":false,\"openpopup_id\":0}' \/><div class=\"wpcf7-response-output\" aria-hidden=\"true\"><\/div>\n<\/form>\n<\/div>\n[\/vc_column][vc_column width=\u00a0\u00bb1\/2&Prime;][vc_custom_heading text=\u00a0\u00bb<strong>Contactez-nous<\/strong>\u00a0\u00bb font_container=\u00a0\u00bbtag:h4|text_align:left\u00a0\u00bb use_theme_fonts=\u00a0\u00bbyes\u00a0\u00bb skin=\u00a0\u00bbprimary\u00a0\u00bb el_class=\u00a0\u00bbm-t\u00a0\u00bb][vc_column_text]Nous sommes \u00e0 votre disposition pour r\u00e9pondre \u00e0 toutes questions concernant nos produits ou services (mesures, mati\u00e8res, quantit\u00e9s, couleurs, prix &#8230;).[\/vc_column_text][vc_separator color=\u00a0\u00bbcustom\u00a0\u00bb gradient=\u00a0\u00bbyes\u00a0\u00bb][vc_custom_heading text=\u00a0\u00bb<strong>Emplacement<\/strong>\u00a0\u00bb font_container=\u00a0\u00bbtag:h4|text_align:left\u00a0\u00bb use_theme_fonts=\u00a0\u00bbyes\u00a0\u00bb skin=\u00a0\u00bbprimary\u00a0\u00bb]<div class=\"porto-sicon-box  wpb_custom_991192e517ba80822b25b68bbbc51b14 style_1 default-icon flex-wrap\"><div class=\"porto-sicon-default\"><div class=\"porto-just-icon-wrapper porto-icon circle\" style=\"color:#ffffff;background:#e13b3f;font-size:14px;\"><i class=\"fa fa-map-marker\"><\/i><\/div><\/div><div class=\"porto-sicon-header\"><h3 class=\"porto-sicon-title\" style=\"font-size:14px;\"><strong>Adresse:<\/strong> C\/ Torrent d'en Baiell, 8. Pol\u00edgono Industrial Can Clapers, 08181 Sentmenat, Barcelona, SPAIN<\/h3><\/div> <!-- header --><div class=\"porto-sicon-description\" style=\"\"><a href=\"https:\/\/www.google.es\/maps\/place\/INDEFOR\/@41.6142697,2.1419534,17z\/data=!3m1!4b1!4m5!3m4!1s0x12a4ea826f6ca737:0x1b8b4f1ba1c9f9af!8m2!3d41.6142697!4d2.1441421\" target=\"_blank\" rel=\"noopener\">Ouvrir dans Google Map<\/a><\/div> <!-- description --><\/div><!-- porto-sicon-box --><div class=\"porto-sicon-box  wpb_custom_991192e517ba80822b25b68bbbc51b14 style_1 default-icon\"><div class=\"porto-sicon-default\"><div class=\"porto-just-icon-wrapper porto-icon circle\" style=\"color:#ffffff;background:#e13b3f;font-size:14px;\"><i class=\"fa fa-phone\"><\/i><\/div><\/div><div class=\"porto-sicon-header\"><h3 class=\"porto-sicon-title\" style=\"font-size:14px;\"><strong>T\u00e9l\u00e9phone:<\/strong> 0034 937 153 455<\/h3><\/div> <!-- header --><\/div><!-- porto-sicon-box --><div class=\"porto-sicon-box  wpb_custom_991192e517ba80822b25b68bbbc51b14 style_1 default-icon\"><div class=\"porto-sicon-default\"><div class=\"porto-just-icon-wrapper porto-icon circle\" style=\"color:#ffffff;background:#e13b3f;font-size:14px;\"><i class=\"fa fa-envelope\"><\/i><\/div><\/div><div class=\"porto-sicon-header\"><h3 class=\"porto-sicon-title\" style=\"font-size:14px;\"><strong>Email:<\/strong> indefor@indefor.com<\/h3><\/div> <!-- header --><\/div><!-- porto-sicon-box -->[vc_separator color=\u00a0\u00bbcustom\u00a0\u00bb gradient=\u00a0\u00bbyes\u00a0\u00bb][\/vc_column][\/vc_row]<\/p>\n<\/div>","protected":false},"excerpt":{"rendered":"<p>[vc_row full_width=\u00a0\u00bbstretch_row_content_no_spaces\u00a0\u00bb css=\u00a0\u00bb.vc_custom_1548282616493{background-image: url(http:\/\/www.indefor.com\/wp-content\/uploads\/2019\/01\/Mapa_Indefor.jpg?id=2621) !important;}\u00a0\u00bb][vc_column][vc_empty_space height=\u00a0\u00bb400px\u00a0\u00bb][\/vc_column][\/vc_row][vc_row][vc_column][vc_empty_space height=\u00a0\u00bb12px\u00a0\u00bb][\/vc_column][\/vc_row][vc_row wrap_container=\u00a0\u00bbyes\u00a0\u00bb el_class=\u00a0\u00bbm-b-xl\u00a0\u00bb][vc_column width=\u00a0\u00bb1\/2&Prime;][\/vc_column][vc_column width=\u00a0\u00bb1\/2&Prime;][vc_custom_heading text=\u00a0\u00bbContactez-nous\u00a0\u00bb font_container=\u00a0\u00bbtag:h4|text_align:left\u00a0\u00bb use_theme_fonts=\u00a0\u00bbyes\u00a0\u00bb skin=\u00a0\u00bbprimary\u00a0\u00bb el_class=\u00a0\u00bbm-t\u00a0\u00bb][vc_column_text]Nous sommes \u00e0 votre disposition pour r\u00e9pondre \u00e0 toutes questions concernant nos produits ou services (mesures, mati\u00e8res, quantit\u00e9s, couleurs, prix &#8230;).[\/vc_column_text][vc_separator color=\u00a0\u00bbcustom\u00a0\u00bb gradient=\u00a0\u00bbyes\u00a0\u00bb][vc_custom_heading text=\u00a0\u00bbEmplacement\u00a0\u00bb font_container=\u00a0\u00bbtag:h4|text_align:left\u00a0\u00bb use_theme_fonts=\u00a0\u00bbyes\u00a0\u00bb skin=\u00a0\u00bbprimary\u00a0\u00bb][vc_separator color=\u00a0\u00bbcustom\u00a0\u00bb gradient=\u00a0\u00bbyes\u00a0\u00bb][\/vc_column][\/vc_row]<\/p>\n","protected":false},"author":1,"featured_media":0,"parent":0,"menu_order":0,"comment_status":"closed","ping_status":"closed","template":"","meta":{"footnotes":""},"yoast_head":"<!-- This site is optimized with the Yoast SEO plugin v22.3 - https:\/\/yoast.com\/wordpress\/plugins\/seo\/ -->\n<title>Contact - INDEFOR<\/title>\n<meta name=\"robots\" content=\"index, follow, max-snippet:-1, max-image-preview:large, max-video-preview:-1\" \/>\n<link rel=\"canonical\" href=\"https:\/\/www.indefor.com\/fr\/contact\/\" \/>\n<meta property=\"og:locale\" content=\"fr_FR\" \/>\n<meta property=\"og:type\" content=\"article\" \/>\n<meta property=\"og:title\" content=\"Contact - INDEFOR\" \/>\n<meta property=\"og:description\" content=\"[vc_row full_width=\u00a0\u00bbstretch_row_content_no_spaces\u00a0\u00bb css=\u00a0\u00bb.vc_custom_1548282616493{background-image: url(http:\/\/www.indefor.com\/wp-content\/uploads\/2019\/01\/Mapa_Indefor.jpg?id=2621) !important;}\u00a0\u00bb][vc_column][vc_empty_space height=\u00a0\u00bb400px\u00a0\u00bb][\/vc_column][\/vc_row][vc_row][vc_column][vc_empty_space height=\u00a0\u00bb12px\u00a0\u00bb][\/vc_column][\/vc_row][vc_row wrap_container=\u00a0\u00bbyes\u00a0\u00bb el_class=\u00a0\u00bbm-b-xl\u00a0\u00bb][vc_column width=\u00a0\u00bb1\/2&Prime;][\/vc_column][vc_column width=\u00a0\u00bb1\/2&Prime;][vc_custom_heading text=\u00a0\u00bbContactez-nous\u00a0\u00bb font_container=\u00a0\u00bbtag:h4|text_align:left\u00a0\u00bb use_theme_fonts=\u00a0\u00bbyes\u00a0\u00bb skin=\u00a0\u00bbprimary\u00a0\u00bb el_class=\u00a0\u00bbm-t\u00a0\u00bb][vc_column_text]Nous sommes \u00e0 votre disposition pour r\u00e9pondre \u00e0 toutes questions concernant nos produits ou services (mesures, mati\u00e8res, quantit\u00e9s, couleurs, prix &#8230;).[\/vc_column_text][vc_separator color=\u00a0\u00bbcustom\u00a0\u00bb gradient=\u00a0\u00bbyes\u00a0\u00bb][vc_custom_heading text=\u00a0\u00bbEmplacement\u00a0\u00bb font_container=\u00a0\u00bbtag:h4|text_align:left\u00a0\u00bb use_theme_fonts=\u00a0\u00bbyes\u00a0\u00bb skin=\u00a0\u00bbprimary\u00a0\u00bb][vc_separator color=\u00a0\u00bbcustom\u00a0\u00bb gradient=\u00a0\u00bbyes\u00a0\u00bb][\/vc_column][\/vc_row]\" \/>\n<meta property=\"og:url\" content=\"https:\/\/www.indefor.com\/fr\/contact\/\" \/>\n<meta property=\"og:site_name\" content=\"INDEFOR\" \/>\n<meta property=\"article:modified_time\" content=\"2021-02-10T08:21:29+00:00\" \/>\n<meta name=\"twitter:card\" content=\"summary_large_image\" \/>\n<meta name=\"twitter:label1\" content=\"Dur\u00e9e de lecture estim\u00e9e\" \/>\n\t<meta name=\"twitter:data1\" content=\"1 minute\" \/>\n<script type=\"application\/ld+json\" class=\"yoast-schema-graph\">{\"@context\":\"https:\/\/schema.org\",\"@graph\":[{\"@type\":\"WebPage\",\"@id\":\"https:\/\/www.indefor.com\/fr\/contact\/\",\"url\":\"https:\/\/www.indefor.com\/fr\/contact\/\",\"name\":\"Contact - INDEFOR\",\"isPartOf\":{\"@id\":\"https:\/\/www.indefor.com\/fr\/#website\"},\"datePublished\":\"2016-06-14T04:15:58+00:00\",\"dateModified\":\"2021-02-10T08:21:29+00:00\",\"breadcrumb\":{\"@id\":\"https:\/\/www.indefor.com\/fr\/contact\/#breadcrumb\"},\"inLanguage\":\"fr-FR\",\"potentialAction\":[{\"@type\":\"ReadAction\",\"target\":[\"https:\/\/www.indefor.com\/fr\/contact\/\"]}]},{\"@type\":\"BreadcrumbList\",\"@id\":\"https:\/\/www.indefor.com\/fr\/contact\/#breadcrumb\",\"itemListElement\":[{\"@type\":\"ListItem\",\"position\":1,\"name\":\"Portada\",\"item\":\"https:\/\/www.indefor.com\/fr\/home\/?lang=fr\"},{\"@type\":\"ListItem\",\"position\":2,\"name\":\"Contact\"}]},{\"@type\":\"WebSite\",\"@id\":\"https:\/\/www.indefor.com\/fr\/#website\",\"url\":\"https:\/\/www.indefor.com\/fr\/\",\"name\":\"INDEFOR\",\"description\":\"Industrie Forniture\",\"publisher\":{\"@id\":\"https:\/\/www.indefor.com\/fr\/#organization\"},\"potentialAction\":[{\"@type\":\"SearchAction\",\"target\":{\"@type\":\"EntryPoint\",\"urlTemplate\":\"https:\/\/www.indefor.com\/fr\/?s={search_term_string}\"},\"query-input\":\"required name=search_term_string\"}],\"inLanguage\":\"fr-FR\"},{\"@type\":\"Organization\",\"@id\":\"https:\/\/www.indefor.com\/fr\/#organization\",\"name\":\"INDEFOR\",\"url\":\"https:\/\/www.indefor.com\/fr\/\",\"logo\":{\"@type\":\"ImageObject\",\"inLanguage\":\"fr-FR\",\"@id\":\"https:\/\/www.indefor.com\/fr\/#\/schema\/logo\/image\/\",\"url\":\"https:\/\/www.indefor.com\/wp-content\/uploads\/2018\/11\/logo_indefor_web.png\",\"contentUrl\":\"https:\/\/www.indefor.com\/wp-content\/uploads\/2018\/11\/logo_indefor_web.png\",\"width\":101,\"height\":41,\"caption\":\"INDEFOR\"},\"image\":{\"@id\":\"https:\/\/www.indefor.com\/fr\/#\/schema\/logo\/image\/\"}}]}<\/script>\n<!-- \/ Yoast SEO plugin. -->","yoast_head_json":{"title":"Contact - INDEFOR","robots":{"index":"index","follow":"follow","max-snippet":"max-snippet:-1","max-image-preview":"max-image-preview:large","max-video-preview":"max-video-preview:-1"},"canonical":"https:\/\/www.indefor.com\/fr\/contact\/","og_locale":"fr_FR","og_type":"article","og_title":"Contact - INDEFOR","og_description":"[vc_row full_width=\u00a0\u00bbstretch_row_content_no_spaces\u00a0\u00bb css=\u00a0\u00bb.vc_custom_1548282616493{background-image: url(http:\/\/www.indefor.com\/wp-content\/uploads\/2019\/01\/Mapa_Indefor.jpg?id=2621) !important;}\u00a0\u00bb][vc_column][vc_empty_space height=\u00a0\u00bb400px\u00a0\u00bb][\/vc_column][\/vc_row][vc_row][vc_column][vc_empty_space height=\u00a0\u00bb12px\u00a0\u00bb][\/vc_column][\/vc_row][vc_row wrap_container=\u00a0\u00bbyes\u00a0\u00bb el_class=\u00a0\u00bbm-b-xl\u00a0\u00bb][vc_column width=\u00a0\u00bb1\/2&Prime;][\/vc_column][vc_column width=\u00a0\u00bb1\/2&Prime;][vc_custom_heading text=\u00a0\u00bbContactez-nous\u00a0\u00bb font_container=\u00a0\u00bbtag:h4|text_align:left\u00a0\u00bb use_theme_fonts=\u00a0\u00bbyes\u00a0\u00bb skin=\u00a0\u00bbprimary\u00a0\u00bb el_class=\u00a0\u00bbm-t\u00a0\u00bb][vc_column_text]Nous sommes \u00e0 votre disposition pour r\u00e9pondre \u00e0 toutes questions concernant nos produits ou services (mesures, mati\u00e8res, quantit\u00e9s, couleurs, prix &#8230;).[\/vc_column_text][vc_separator color=\u00a0\u00bbcustom\u00a0\u00bb gradient=\u00a0\u00bbyes\u00a0\u00bb][vc_custom_heading text=\u00a0\u00bbEmplacement\u00a0\u00bb font_container=\u00a0\u00bbtag:h4|text_align:left\u00a0\u00bb use_theme_fonts=\u00a0\u00bbyes\u00a0\u00bb skin=\u00a0\u00bbprimary\u00a0\u00bb][vc_separator color=\u00a0\u00bbcustom\u00a0\u00bb gradient=\u00a0\u00bbyes\u00a0\u00bb][\/vc_column][\/vc_row]","og_url":"https:\/\/www.indefor.com\/fr\/contact\/","og_site_name":"INDEFOR","article_modified_time":"2021-02-10T08:21:29+00:00","twitter_card":"summary_large_image","twitter_misc":{"Dur\u00e9e de lecture estim\u00e9e":"1 minute"},"schema":{"@context":"https:\/\/schema.org","@graph":[{"@type":"WebPage","@id":"https:\/\/www.indefor.com\/fr\/contact\/","url":"https:\/\/www.indefor.com\/fr\/contact\/","name":"Contact - INDEFOR","isPartOf":{"@id":"https:\/\/www.indefor.com\/fr\/#website"},"datePublished":"2016-06-14T04:15:58+00:00","dateModified":"2021-02-10T08:21:29+00:00","breadcrumb":{"@id":"https:\/\/www.indefor.com\/fr\/contact\/#breadcrumb"},"inLanguage":"fr-FR","potentialAction":[{"@type":"ReadAction","target":["https:\/\/www.indefor.com\/fr\/contact\/"]}]},{"@type":"BreadcrumbList","@id":"https:\/\/www.indefor.com\/fr\/contact\/#breadcrumb","itemListElement":[{"@type":"ListItem","position":1,"name":"Portada","item":"https:\/\/www.indefor.com\/fr\/home\/?lang=fr"},{"@type":"ListItem","position":2,"name":"Contact"}]},{"@type":"WebSite","@id":"https:\/\/www.indefor.com\/fr\/#website","url":"https:\/\/www.indefor.com\/fr\/","name":"INDEFOR","description":"Industrie Forniture","publisher":{"@id":"https:\/\/www.indefor.com\/fr\/#organization"},"potentialAction":[{"@type":"SearchAction","target":{"@type":"EntryPoint","urlTemplate":"https:\/\/www.indefor.com\/fr\/?s={search_term_string}"},"query-input":"required name=search_term_string"}],"inLanguage":"fr-FR"},{"@type":"Organization","@id":"https:\/\/www.indefor.com\/fr\/#organization","name":"INDEFOR","url":"https:\/\/www.indefor.com\/fr\/","logo":{"@type":"ImageObject","inLanguage":"fr-FR","@id":"https:\/\/www.indefor.com\/fr\/#\/schema\/logo\/image\/","url":"https:\/\/www.indefor.com\/wp-content\/uploads\/2018\/11\/logo_indefor_web.png","contentUrl":"https:\/\/www.indefor.com\/wp-content\/uploads\/2018\/11\/logo_indefor_web.png","width":101,"height":41,"caption":"INDEFOR"},"image":{"@id":"https:\/\/www.indefor.com\/fr\/#\/schema\/logo\/image\/"}}]}},"_links":{"self":[{"href":"https:\/\/www.indefor.com\/fr\/wp-json\/wp\/v2\/pages\/2849"}],"collection":[{"href":"https:\/\/www.indefor.com\/fr\/wp-json\/wp\/v2\/pages"}],"about":[{"href":"https:\/\/www.indefor.com\/fr\/wp-json\/wp\/v2\/types\/page"}],"author":[{"embeddable":true,"href":"https:\/\/www.indefor.com\/fr\/wp-json\/wp\/v2\/users\/1"}],"replies":[{"embeddable":true,"href":"https:\/\/www.indefor.com\/fr\/wp-json\/wp\/v2\/comments?post=2849"}],"version-history":[{"count":8,"href":"https:\/\/www.indefor.com\/fr\/wp-json\/wp\/v2\/pages\/2849\/revisions"}],"predecessor-version":[{"id":2916,"href":"https:\/\/www.indefor.com\/fr\/wp-json\/wp\/v2\/pages\/2849\/revisions\/2916"}],"wp:attachment":[{"href":"https:\/\/www.indefor.com\/fr\/wp-json\/wp\/v2\/media?parent=2849"}],"curies":[{"name":"wp","href":"https:\/\/api.w.org\/{rel}","templated":true}]}}